{"id":798,"date":"2022-11-11T18:48:31","date_gmt":"2022-11-11T17:48:31","guid":{"rendered":"https:\/\/hawica.com\/webapp-meccanico\/"},"modified":"2023-02-09T17:04:36","modified_gmt":"2023-02-09T16:04:36","slug":"web-app-fuer-werkstaetten","status":"publish","type":"page","link":"https:\/\/hawica.com\/de\/web-app-fuer-werkstaetten\/","title":{"rendered":"WEB APP f\u00fcr Werkst\u00e4tten"},"content":{"rendered":"<div>EIN NEUES WERKZEUG FUER DIE WERKSTAETTEN<\/div>\n<div>HAWICA strebt an die Radfahrer und die Werkst\u00e4tten \u00fcber ein globales Netz zu verbinden, um dem Radfahrer Transparenz und Zufriedenheit zu schaffen. Wir suchen die Wertigkeit der Werkst\u00e4tten darzustellen und diese durch den verfeinfachten Zugang zu deren Dienstleistungen vermehrt dem Radfahrer anzubieten, und die  Effizienz im Umgang die Interaktion mit den  Kunden im Sinne seiner erh\u00f6hten Zufriedenheit zu verbessern.<\/div>\n<p><img decoding=\"async\" src=\"\/wp-content\/uploads\/hawica_illustrazione_mission_meccanico_1.svg\" alt=\"\"><\/p>\n<h4>WILLST DU AUF TRANSPARENTE WEISE DIE ZUFRIEDEHEIT DEINER KUNDEN UND DIE EFFIZIENZ DEINER WERKSTAETTE ERHOEHEN?<\/h4>\n<div>DIE LOESUNG?<\/div>\n<p><img decoding=\"async\" src=\"\/wp-content\/uploads\/logo_lettering_hawica.svg\" alt=\"\"><\/p>\n<div>HAWICA ist eine integrierte Servicel\u00f6sung mittels einer WEB APP, welche der WERKSTATT die einfachste und effizienteste Verwaltung der eigenen Kunden erm\u00f6glicht, sowie deren R\u00e4der und der anfallenden Unterhalts- und Reparturarbeiten.<\/div>\n<p><img decoding=\"async\" src=\"\/wp-content\/uploads\/hawica_infografica_de_pos.svg\" alt=\"\"><\/p>\n<h4>HAWICA BIETET EINEN NEUEN DIENST ZUR VERWALTUNG DER WERKSTATT ARBEITEN<\/h4>\n<div>Wir bieten einen innovativen und smarten Dienst f\u00fcr die Verwaltung der eigenen Kunden und derer Wartungsbed\u00fcrfnisse. Dank der integrierten Funktionen per mobiler APP hat die Werkst\u00e4tte einen direkten Kommunikationsdraht mit dem Endkunden, welches das Vertrauen und die Kundenzufriedenheit f\u00f6rdert. Wir erweitern das Bewusstesein des Kunden f\u00fcr die Wartungsbed\u00fcrfnisse und erh\u00f6hen die Wiederholungsfrequenz der Wartung, mit dem Ziel bessere Funktion und h\u00f6heren Werterhalt zu erreichen.<\/div>\n<div>\n<p>        <img decoding=\"async\" src=\"\/wp-content\/uploads\/hawica_icona_infografica_5.svg\" alt=\"\"><\/p>\n<h3>KUNDENBINDUNG<\/h3>\n<\/div>\n<div>\n<p>    <img decoding=\"async\" src=\"\/wp-content\/uploads\/desktop_1.jpg\" alt=\"\"><\/p>\n<\/div>\n<div>\n<p>        <img decoding=\"async\" src=\"\/wp-content\/uploads\/hawica_icona_infografica_6.svg\" alt=\"\"><\/p>\n<h3>ERWEITERUNG DES VERKAUFSNETZES<\/h3>\n<\/div>\n<div>\n<p>    <img decoding=\"async\" src=\"\/wp-content\/uploads\/desktop_2.jpg\" alt=\"\"><\/p>\n<\/div>\n<div>\n<p>        <img decoding=\"async\" src=\"\/wp-content\/uploads\/hawica_icona_infografica_7.svg\" alt=\"\"><\/p>\n<h3>VERBESSERUNG DES ZEITMANAGEMENTS<\/h3>\n<\/div>\n<div>\n<p>    <img decoding=\"async\" src=\"\/wp-content\/uploads\/desktop_3.jpg\" alt=\"\"><\/p>\n<\/div>\n<div>\n<p>        <img decoding=\"async\" src=\"\/wp-content\/uploads\/hawica_icona_infografica_8.svg\" alt=\"\"><\/p>\n<h3>SMARTE DIGITALISIERUNG<\/h3>\n<\/div>\n<div>\n<p>    <img decoding=\"async\" src=\"\/wp-content\/uploads\/desktop_4.jpg\" alt=\"\"><\/p>\n<\/div>\n<div>MAXIMALE LEISTUNG UND SICHERHEIT IM DIENSTE DER RADFAHRERS<\/div>\n<div>Wir verfolgen das Ziel, dass die Sicherheit und die Leistungsf\u00e4higkeit immer im Focus bleibt, um beste Funktion und Wertbest\u00e4ndigkeit zu garantieren. Das Rad soll immer funktionsbereit bleiben, und dies bei einer l\u00e4ngeren Lebensdauer. Wir wollen, dass den Unterhalt des Rades und seiner Komponenten vereinfacht und regularisiert wird.<\/div>\n<p>\n    <a href=\"\/de\/app-fuer-radfahrerinnen\/\">Entdecke die APP<\/a>\n<\/p>\n<p><img decoding=\"async\" src=\"\/wp-content\/uploads\/hawica_illustrazione_mission_ciclista_2.svg\" alt=\"\"><\/p>\n<p><!--more--><br \/>\n<!-- {\"type\":\"layout\",\"children\":[{\"type\":\"section\",\"props\":{\"image_position\":\"center-center\",\"padding\":\"none\",\"padding_remove_bottom\":false,\"style\":\"primary\",\"title_breakpoint\":\"xl\",\"title_position\":\"top-left\",\"title_rotation\":\"left\",\"vertical_align\":\"middle\",\"width\":\"default\"},\"children\":[{\"type\":\"row\",\"props\":{\"column_gap\":\"large\",\"layout\":\"1-2,1-2\",\"margin\":\"small\",\"row_gap\":\"large\"},\"children\":[{\"type\":\"column\",\"props\":{\"css\":\"@media screen and (max-width:960px){\\n    .el-column > .uk-tile{\\n        padding-bottom:0px;\\n    }\\n}\",\"image_position\":\"center-center\",\"media_overlay_gradient\":\"\",\"padding\":\"small\",\"position_sticky_breakpoint\":\"m\",\"style\":\"primary\",\"vertical_align\":\"middle\",\"width_medium\":\"1-2\"},\"children\":[{\"type\":\"headline\",\"props\":{\"block_align\":\"center\",\"content\":\"EIN NEUES WERKZEUG FUER DIE WERKSTAETTEN\",\"maxwidth\":\"xlarge\",\"text_align\":\"left\",\"text_align_breakpoint\":\"m\",\"text_align_fallback\":\"center\",\"title_element\":\"div\",\"title_style\":\"h1\"}},{\"type\":\"text\",\"props\":{\"block_align\":\"center\",\"column_breakpoint\":\"m\",\"content\":\"HAWICA strebt an die Radfahrer und die Werkst\\u00e4tten \\u00fcber ein globales Netz zu verbinden, um dem Radfahrer Transparenz und Zufriedenheit zu schaffen. Wir suchen die Wertigkeit der Werkst\\u00e4tten darzustellen und diese durch den verfeinfachten Zugang zu deren Dienstleistungen vermehrt dem Radfahrer anzubieten, und die  Effizienz im Umgang die Interaktion mit den  Kunden im Sinne seiner erh\\u00f6hten Zufriedenheit zu verbessern.\",\"margin\":\"default\",\"maxwidth\":\"xlarge\",\"text_align\":\"left\",\"text_align_breakpoint\":\"m\",\"text_align_fallback\":\"center\"}}]},{\"type\":\"column\",\"props\":{\"image_position\":\"center-center\",\"media_overlay_gradient\":\"\",\"order_first\":\"\",\"position_sticky_breakpoint\":\"m\",\"vertical_align\":\"bottom\",\"width_medium\":\"1-2\"},\"children\":[{\"type\":\"image\",\"props\":{\"css\":\"@media screen and (max-width:960px){\\n    .el-image{\\n\\t\\tmax-width:300px;\\n    }\\n}\",\"image\":\"wp-content\\\/uploads\\\/hawica_illustrazione_mission_meccanico_1.svg\",\"image_svg_color\":\"emphasis\",\"margin\":\"default\",\"text_align\":\"center\"}}]}]}],\"name\":\"MISSION\"},{\"type\":\"section\",\"props\":{\"image_position\":\"center-center\",\"style\":\"muted\",\"title_breakpoint\":\"xl\",\"title_position\":\"top-left\",\"title_rotation\":\"left\",\"vertical_align\":\"middle\",\"width\":\"default\"},\"children\":[{\"type\":\"row\",\"props\":{\"margin\":\"large\"},\"children\":[{\"type\":\"column\",\"props\":{\"image_position\":\"center-center\",\"media_overlay_gradient\":\"\",\"position_sticky_breakpoint\":\"m\"},\"children\":[{\"type\":\"headline\",\"props\":{\"block_align\":\"center\",\"content\":\"WILLST DU AUF TRANSPARENTE WEISE DIE ZUFRIEDEHEIT DEINER KUNDEN UND DIE EFFIZIENZ DEINER WERKSTAETTE ERHOEHEN?\",\"margin_remove_bottom\":false,\"maxwidth\":\"2xlarge\",\"text_align\":\"center\",\"title_element\":\"h4\",\"title_style\":\"h2\"}}]}]},{\"type\":\"row\",\"children\":[{\"type\":\"column\",\"props\":{\"css\":\".el-column > div{\\n\\tborder-radius: 14px;\\n    box-shadow:0 0 22px rgba(0,0,0,.08);\\n}\",\"image_position\":\"center-center\",\"media_overlay_gradient\":\"\",\"position_sticky_breakpoint\":\"m\",\"style\":\"default\"},\"children\":[{\"type\":\"fragment\",\"children\":[{\"type\":\"row\",\"children\":[{\"type\":\"column\",\"props\":{\"image_position\":\"center-center\",\"media_overlay_gradient\":\"\",\"position_sticky_breakpoint\":\"m\",\"vertical_align\":\"middle\",\"width_medium\":\"1-2\"},\"children\":[{\"type\":\"text\",\"props\":{\"block_align\":\"center\",\"column_breakpoint\":\"m\",\"content\":\"DIE LOESUNG?\",\"margin\":\"small\",\"text_align\":\"left\",\"text_align_breakpoint\":\"m\",\"text_align_fallback\":\"center\",\"text_color\":\"secondary\",\"text_style\":\"lead\"}},{\"type\":\"image\",\"props\":{\"css\":\"@media screen and (max-width:960px){\\n    .el-image{\\n\\t\\tmax-width:220px;\\n    }\\n}\",\"image\":\"wp-content\\\/uploads\\\/logo_lettering_hawica.svg\",\"image_svg_color\":\"primary\",\"image_svg_inline\":true,\"image_width\":\"250\",\"margin\":\"default\",\"text_align\":\"left\",\"text_align_breakpoint\":\"m\",\"text_align_fallback\":\"center\"}},{\"type\":\"text\",\"props\":{\"block_align\":\"center\",\"column_breakpoint\":\"m\",\"content\":\"HAWICA ist eine integrierte Servicel\\u00f6sung mittels einer WEB APP, welche der WERKSTATT die einfachste und effizienteste Verwaltung der eigenen Kunden erm\\u00f6glicht, sowie deren R\\u00e4der und der anfallenden Unterhalts- und Reparturarbeiten.\",\"margin\":\"default\",\"text_align\":\"left\",\"text_align_breakpoint\":\"m\",\"text_align_fallback\":\"center\",\"text_style\":\"large\"}}]},{\"type\":\"column\",\"props\":{\"image_position\":\"center-center\",\"media_overlay_gradient\":\"\",\"order_first\":\"m\",\"position_sticky_breakpoint\":\"m\",\"vertical_align\":\"middle\",\"width_medium\":\"1-2\"},\"children\":[{\"type\":\"image\",\"props\":{\"css\":\"@media screen and (min-width:450px) and (max-width:960px) {\\n    .el-image{\\n        max-width:350px;\\n    }\\n}\",\"image\":\"wp-content\\\/uploads\\\/hawica_infografica_de_pos.svg\",\"image_svg_color\":\"emphasis\",\"image_width\":\"600\",\"margin\":\"default\",\"text_align\":\"center\"}}]}],\"props\":{\"column_gap\":\"large\",\"layout\":\"1-2,1-2\"}}]}]}]}]},{\"type\":\"section\",\"props\":{\"image_position\":\"center-center\",\"padding_remove_top\":true,\"style\":\"muted\",\"title_breakpoint\":\"xl\",\"title_position\":\"top-left\",\"title_rotation\":\"left\",\"vertical_align\":\"middle\",\"width\":\"default\"},\"children\":[{\"type\":\"row\",\"props\":{\"margin\":\"large\"},\"children\":[{\"type\":\"column\",\"props\":{\"image_position\":\"center-center\",\"media_overlay_gradient\":\"\",\"position_sticky_breakpoint\":\"m\"},\"children\":[{\"type\":\"headline\",\"props\":{\"block_align\":\"center\",\"content\":\"HAWICA BIETET EINEN NEUEN DIENST ZUR VERWALTUNG DER WERKSTATT ARBEITEN\",\"margin_remove_bottom\":false,\"maxwidth\":\"2xlarge\",\"text_align\":\"center\",\"title_element\":\"h4\",\"title_style\":\"h2\"}},{\"type\":\"text\",\"props\":{\"column_breakpoint\":\"m\",\"content\":\"Wir bieten einen innovativen und smarten Dienst f\\u00fcr die Verwaltung der eigenen Kunden und derer Wartungsbed\\u00fcrfnisse. Dank der integrierten Funktionen per mobiler APP hat die Werkst\\u00e4tte einen direkten Kommunikationsdraht mit dem Endkunden, welches das Vertrauen und die Kundenzufriedenheit f\\u00f6rdert. Wir erweitern das Bewusstesein des Kunden f\\u00fcr die Wartungsbed\\u00fcrfnisse und erh\\u00f6hen die Wiederholungsfrequenz der Wartung, mit dem Ziel bessere Funktion und h\\u00f6heren Werterhalt zu erreichen.\",\"margin\":\"default\",\"text_align\":\"center\"}}]}]},{\"type\":\"row\",\"children\":[{\"type\":\"column\",\"props\":{\"image_position\":\"center-center\",\"media_overlay_gradient\":\"\",\"position_sticky_breakpoint\":\"m\",\"vertical_align\":\"middle\",\"width_medium\":\"1-2\"},\"children\":[{\"type\":\"panel\",\"props\":{\"content_column_breakpoint\":\"m\",\"icon_width\":80,\"image\":\"wp-content\\\/uploads\\\/hawica_icona_infografica_5.svg\",\"image_align\":\"left\",\"image_grid_breakpoint\":\"m\",\"image_grid_column_gap\":\"small\",\"image_grid_row_gap\":\"small\",\"image_grid_width\":\"auto\",\"image_svg_color\":\"emphasis\",\"image_vertical_align\":true,\"image_width\":\"50\",\"link_style\":\"default\",\"link_text\":\"Read more\",\"margin\":\"default\",\"meta_align\":\"below-title\",\"meta_element\":\"div\",\"meta_style\":\"text-meta\",\"text_align\":\"left\",\"text_align_breakpoint\":\"m\",\"text_align_fallback\":\"center\",\"title\":\"KUNDENBINDUNG\",\"title_align\":\"top\",\"title_element\":\"h3\",\"title_grid_breakpoint\":\"m\",\"title_grid_width\":\"1-2\",\"title_hover_style\":\"reset\"}},{\"type\":\"gallery\",\"props\":{\"content_display\":\"item\",\"filter_align\":\"left\",\"filter_all\":true,\"filter_grid_breakpoint\":\"m\",\"filter_grid_width\":\"auto\",\"filter_position\":\"top\",\"filter_style\":\"tab\",\"grid_default\":\"1\",\"grid_medium\":\"\",\"image_border\":\"rounded\",\"image_box_shadow\":\"medium\",\"image_transition_border\":true,\"image_width\":\"1000\",\"item_animation\":true,\"lightbox\":true,\"lightbox_image_orientation\":true,\"lightbox_image_width\":\"1200\",\"link_style\":\"default\",\"link_text\":\"\",\"margin\":\"default\",\"meta_align\":\"below-title\",\"meta_element\":\"div\",\"meta_style\":\"text-meta\",\"overlay_hover\":false,\"overlay_link\":true,\"overlay_mode\":\"cover\",\"overlay_position\":\"center\",\"overlay_style\":\"\",\"overlay_transition\":\"fade\",\"show_content\":true,\"show_hover_image\":true,\"show_link\":true,\"show_meta\":true,\"show_title\":true,\"text_align\":\"center\",\"text_color\":\"light\",\"title_display\":\"item\",\"title_element\":\"h3\",\"title_hover_style\":\"reset\"},\"children\":[{\"type\":\"gallery_item\",\"props\":{\"image\":\"wp-content\\\/uploads\\\/desktop_1.jpg\"}}]}]},{\"type\":\"column\",\"props\":{\"image_position\":\"center-center\",\"media_overlay_gradient\":\"\",\"position_sticky_breakpoint\":\"m\",\"vertical_align\":\"middle\",\"width_medium\":\"1-2\"},\"children\":[{\"type\":\"panel\",\"props\":{\"content_column_breakpoint\":\"m\",\"icon_width\":80,\"image\":\"wp-content\\\/uploads\\\/hawica_icona_infografica_6.svg\",\"image_align\":\"left\",\"image_grid_breakpoint\":\"m\",\"image_grid_column_gap\":\"small\",\"image_grid_row_gap\":\"small\",\"image_grid_width\":\"auto\",\"image_svg_color\":\"emphasis\",\"image_vertical_align\":true,\"image_width\":\"50\",\"link_style\":\"default\",\"link_text\":\"Read more\",\"margin\":\"default\",\"meta_align\":\"below-title\",\"meta_element\":\"div\",\"meta_style\":\"text-meta\",\"text_align\":\"left\",\"text_align_breakpoint\":\"m\",\"text_align_fallback\":\"center\",\"title\":\"ERWEITERUNG DES VERKAUFSNETZES\",\"title_align\":\"top\",\"title_element\":\"h3\",\"title_grid_breakpoint\":\"m\",\"title_grid_width\":\"1-2\",\"title_hover_style\":\"reset\"}},{\"type\":\"gallery\",\"props\":{\"content_display\":\"item\",\"filter_align\":\"left\",\"filter_all\":true,\"filter_grid_breakpoint\":\"m\",\"filter_grid_width\":\"auto\",\"filter_position\":\"top\",\"filter_style\":\"tab\",\"grid_default\":\"1\",\"grid_medium\":\"\",\"image_border\":\"rounded\",\"image_box_shadow\":\"medium\",\"image_transition_border\":true,\"image_width\":\"1000\",\"item_animation\":true,\"lightbox\":true,\"lightbox_image_orientation\":true,\"lightbox_image_width\":\"1200\",\"link_style\":\"default\",\"link_text\":\"\",\"margin\":\"default\",\"meta_align\":\"below-title\",\"meta_element\":\"div\",\"meta_style\":\"text-meta\",\"overlay_hover\":false,\"overlay_link\":true,\"overlay_mode\":\"cover\",\"overlay_position\":\"center\",\"overlay_style\":\"\",\"overlay_transition\":\"fade\",\"show_content\":true,\"show_hover_image\":true,\"show_link\":true,\"show_meta\":true,\"show_title\":true,\"text_align\":\"center\",\"text_color\":\"light\",\"title_display\":\"item\",\"title_element\":\"h3\",\"title_hover_style\":\"reset\"},\"children\":[{\"type\":\"gallery_item\",\"props\":{\"image\":\"wp-content\\\/uploads\\\/desktop_2.jpg\"}}]}]}],\"props\":{\"layout\":\"1-2,1-2\"}},{\"type\":\"row\",\"children\":[{\"type\":\"column\",\"props\":{\"image_position\":\"center-center\",\"media_overlay_gradient\":\"\",\"position_sticky_breakpoint\":\"m\",\"vertical_align\":\"middle\",\"width_medium\":\"1-2\"},\"children\":[{\"type\":\"panel\",\"props\":{\"content_column_breakpoint\":\"m\",\"icon_width\":80,\"image\":\"wp-content\\\/uploads\\\/hawica_icona_infografica_7.svg\",\"image_align\":\"left\",\"image_grid_breakpoint\":\"m\",\"image_grid_column_gap\":\"small\",\"image_grid_row_gap\":\"small\",\"image_grid_width\":\"auto\",\"image_svg_color\":\"emphasis\",\"image_vertical_align\":true,\"image_width\":\"50\",\"link_style\":\"default\",\"link_text\":\"Read more\",\"margin\":\"default\",\"meta_align\":\"below-title\",\"meta_element\":\"div\",\"meta_style\":\"text-meta\",\"text_align\":\"left\",\"text_align_breakpoint\":\"m\",\"text_align_fallback\":\"center\",\"title\":\"VERBESSERUNG DES ZEITMANAGEMENTS\",\"title_align\":\"top\",\"title_element\":\"h3\",\"title_grid_breakpoint\":\"m\",\"title_grid_width\":\"1-2\",\"title_hover_style\":\"reset\"}},{\"type\":\"gallery\",\"props\":{\"content_display\":\"item\",\"filter_align\":\"left\",\"filter_all\":true,\"filter_grid_breakpoint\":\"m\",\"filter_grid_width\":\"auto\",\"filter_position\":\"top\",\"filter_style\":\"tab\",\"grid_default\":\"1\",\"grid_medium\":\"\",\"image_border\":\"rounded\",\"image_box_shadow\":\"medium\",\"image_transition_border\":true,\"image_width\":\"1000\",\"item_animation\":true,\"lightbox\":true,\"lightbox_image_orientation\":true,\"lightbox_image_width\":\"1200\",\"link_style\":\"default\",\"link_text\":\"\",\"margin\":\"default\",\"meta_align\":\"below-title\",\"meta_element\":\"div\",\"meta_style\":\"text-meta\",\"overlay_hover\":false,\"overlay_link\":true,\"overlay_mode\":\"cover\",\"overlay_position\":\"center\",\"overlay_style\":\"\",\"overlay_transition\":\"fade\",\"show_content\":true,\"show_hover_image\":true,\"show_link\":true,\"show_meta\":true,\"show_title\":true,\"text_align\":\"center\",\"text_color\":\"light\",\"title_display\":\"item\",\"title_element\":\"h3\",\"title_hover_style\":\"reset\"},\"children\":[{\"type\":\"gallery_item\",\"props\":{\"image\":\"wp-content\\\/uploads\\\/desktop_3.jpg\"}}]}]},{\"type\":\"column\",\"props\":{\"image_position\":\"center-center\",\"media_overlay_gradient\":\"\",\"position_sticky_breakpoint\":\"m\",\"vertical_align\":\"middle\",\"width_medium\":\"1-2\"},\"children\":[{\"type\":\"panel\",\"props\":{\"content_column_breakpoint\":\"m\",\"icon_width\":80,\"image\":\"wp-content\\\/uploads\\\/hawica_icona_infografica_8.svg\",\"image_align\":\"left\",\"image_grid_breakpoint\":\"m\",\"image_grid_column_gap\":\"small\",\"image_grid_row_gap\":\"small\",\"image_grid_width\":\"auto\",\"image_svg_color\":\"emphasis\",\"image_vertical_align\":true,\"image_width\":\"50\",\"link_style\":\"default\",\"link_text\":\"Read more\",\"margin\":\"default\",\"meta_align\":\"below-title\",\"meta_element\":\"div\",\"meta_style\":\"text-meta\",\"text_align\":\"left\",\"text_align_breakpoint\":\"m\",\"text_align_fallback\":\"center\",\"title\":\"SMARTE DIGITALISIERUNG\",\"title_align\":\"top\",\"title_element\":\"h3\",\"title_grid_breakpoint\":\"m\",\"title_grid_width\":\"1-2\",\"title_hover_style\":\"reset\"}},{\"type\":\"gallery\",\"props\":{\"content_display\":\"item\",\"filter_align\":\"left\",\"filter_all\":true,\"filter_grid_breakpoint\":\"m\",\"filter_grid_width\":\"auto\",\"filter_position\":\"top\",\"filter_style\":\"tab\",\"grid_default\":\"1\",\"grid_medium\":\"\",\"image_border\":\"rounded\",\"image_box_shadow\":\"medium\",\"image_transition_border\":true,\"image_width\":\"1000\",\"item_animation\":true,\"lightbox\":true,\"lightbox_image_orientation\":true,\"lightbox_image_width\":\"1200\",\"link_style\":\"default\",\"link_text\":\"\",\"margin\":\"default\",\"meta_align\":\"below-title\",\"meta_element\":\"div\",\"meta_style\":\"text-meta\",\"overlay_hover\":false,\"overlay_link\":true,\"overlay_mode\":\"cover\",\"overlay_position\":\"center\",\"overlay_style\":\"\",\"overlay_transition\":\"fade\",\"show_content\":true,\"show_hover_image\":true,\"show_link\":true,\"show_meta\":true,\"show_title\":true,\"text_align\":\"center\",\"text_color\":\"light\",\"title_display\":\"item\",\"title_element\":\"h3\",\"title_hover_style\":\"reset\"},\"children\":[{\"type\":\"gallery_item\",\"props\":{\"image\":\"wp-content\\\/uploads\\\/desktop_4.jpg\"}}]}]}],\"props\":{\"layout\":\"1-2,1-2\",\"margin_remove_bottom\":false,\"margin_remove_top\":false}}]},{\"type\":\"section\",\"props\":{\"image_position\":\"center-center\",\"padding\":\"none\",\"padding_remove_bottom\":false,\"padding_remove_top\":false,\"style\":\"muted\",\"title_breakpoint\":\"xl\",\"title_position\":\"top-left\",\"title_rotation\":\"left\",\"vertical_align\":\"middle\",\"width\":\"default\"},\"children\":[{\"type\":\"row\",\"props\":{\"column_gap\":\"large\",\"layout\":\"1-2,1-2\",\"margin\":\"small\",\"margin_remove_bottom\":true,\"row_gap\":\"large\"},\"children\":[{\"type\":\"column\",\"props\":{\"css\":\"@media screen and (max-width:960px){\\n    .el-column > .uk-tile{\\n        padding-bottom:0px;\\n    }\\n}\",\"image_position\":\"center-center\",\"media_overlay_gradient\":\"\",\"padding\":\"small\",\"position_sticky_breakpoint\":\"m\",\"style\":\"muted\",\"vertical_align\":\"middle\",\"width_medium\":\"1-2\"},\"children\":[{\"type\":\"headline\",\"props\":{\"block_align\":\"center\",\"content\":\"MAXIMALE LEISTUNG UND SICHERHEIT IM DIENSTE DER RADFAHRERS\",\"maxwidth\":\"xlarge\",\"text_align\":\"left\",\"text_align_breakpoint\":\"m\",\"text_align_fallback\":\"center\",\"title_element\":\"div\",\"title_style\":\"h1\"}},{\"type\":\"text\",\"props\":{\"block_align\":\"center\",\"column_breakpoint\":\"m\",\"content\":\"Wir verfolgen das Ziel, dass die Sicherheit und die Leistungsf\\u00e4higkeit immer im Focus bleibt, um beste Funktion und Wertbest\\u00e4ndigkeit zu garantieren. Das Rad soll immer funktionsbereit bleiben, und dies bei einer l\\u00e4ngeren Lebensdauer. Wir wollen, dass den Unterhalt des Rades und seiner Komponenten vereinfacht und regularisiert wird.\",\"margin\":\"default\",\"maxwidth\":\"xlarge\",\"text_align\":\"left\",\"text_align_breakpoint\":\"m\",\"text_align_fallback\":\"center\"}},{\"type\":\"button\",\"props\":{\"grid_column_gap\":\"small\",\"grid_row_gap\":\"small\",\"margin\":\"default\",\"text_align\":\"left\",\"text_align_breakpoint\":\"m\",\"text_align_fallback\":\"center\"},\"children\":[{\"type\":\"button_item\",\"props\":{\"button_style\":\"default\",\"content\":\"Entdecke die APP\",\"icon_align\":\"left\",\"link\":\"de\\\/app-fuer-radfahrerinnen\\\/\"}}]}]},{\"type\":\"column\",\"props\":{\"image_position\":\"center-center\",\"media_overlay_gradient\":\"\",\"order_first\":\"\",\"position_sticky_breakpoint\":\"m\",\"vertical_align\":\"bottom\",\"width_medium\":\"1-2\"},\"children\":[{\"type\":\"image\",\"props\":{\"css\":\"@media screen and (max-width:960px){\\n    .el-image{\\n\\t\\tmax-width:300px;\\n    }\\n}\",\"image\":\"wp-content\\\/uploads\\\/hawica_illustrazione_mission_ciclista_2.svg\",\"image_svg_color\":\"emphasis\",\"margin\":\"default\",\"text_align\":\"center\"}}]}]}],\"name\":\"MISSION\"}],\"version\":\"3.0.20\"} --><\/p>\n","protected":false},"excerpt":{"rendered":"<p>EIN NEUES WERKZEUG FUER DIE WERKSTAETTEN HAWICA strebt an die Radfahrer und die Werkst\u00e4tten \u00fcber ein globales Netz zu verbinden, um dem Radfahrer Transparenz und Zufriedenheit zu schaffen. Wir suchen die Wertigkeit der Werkst\u00e4tten darzustellen und diese durch den verfeinfachten Zugang zu deren Dienstleistungen vermehrt dem Radfahrer anzubieten, und die Effizienz im Umgang die Interaktion [&hellip;]<\/p>\n","protected":false},"author":1,"featured_media":0,"parent":0,"menu_order":0,"comment_status":"closed","ping_status":"closed","template":"","meta":{"footnotes":""},"class_list":["post-798","page","type-page","status-publish","hentry"],"_links":{"self":[{"href":"https:\/\/hawica.com\/de\/wp-json\/wp\/v2\/pages\/798","targetHints":{"allow":["GET"]}}],"collection":[{"href":"https:\/\/hawica.com\/de\/wp-json\/wp\/v2\/pages"}],"about":[{"href":"https:\/\/hawica.com\/de\/wp-json\/wp\/v2\/types\/page"}],"author":[{"embeddable":true,"href":"https:\/\/hawica.com\/de\/wp-json\/wp\/v2\/users\/1"}],"replies":[{"embeddable":true,"href":"https:\/\/hawica.com\/de\/wp-json\/wp\/v2\/comments?post=798"}],"version-history":[{"count":16,"href":"https:\/\/hawica.com\/de\/wp-json\/wp\/v2\/pages\/798\/revisions"}],"predecessor-version":[{"id":1009,"href":"https:\/\/hawica.com\/de\/wp-json\/wp\/v2\/pages\/798\/revisions\/1009"}],"wp:attachment":[{"href":"https:\/\/hawica.com\/de\/wp-json\/wp\/v2\/media?parent=798"}],"curies":[{"name":"wp","href":"https:\/\/api.w.org\/{rel}","templated":true}]}}